{"id":321,"date":"2025-11-01T21:52:20","date_gmt":"2025-11-01T20:52:20","guid":{"rendered":"https:\/\/ttz-wue.fiw.thws.de\/blog\/?page_id=321"},"modified":"2025-11-01T22:04:01","modified_gmt":"2025-11-01T21:04:01","slug":"impressum","status":"publish","type":"page","link":"https:\/\/ttz-wue.fiw.thws.de\/blog\/index.php\/impressum\/","title":{"rendered":"Impressum"},"content":{"rendered":"\n<p>Angaben gem\u00e4\u00df \u00a7\u202f5 TMG:<\/p>\n\n\n\n<p>Prof. Dr.-Ing. Sebastian Biedermann<br>Technologietransferzentrum W\u00fcrzburg (TTZ-WUE)<br>T\u00fcckelh\u00e4user Str. 10\/1.OG, 97199 Ochsenfurt<br>Deutschland<\/p>\n\n\n\n<p>E-Mail: ttz-wue@thws.de<\/p>\n\n\n\n<p>Verantwortlich f\u00fcr den Inhalt nach \u00a7\u202f55 Abs. 2 RStV:<\/p>\n\n\n\n<p>Prof. Dr.-Ing. Sebastian Biedermann<br>Technologietransferzentrum W\u00fcrzburg (TTZ-WUE)<br>T\u00fcckelh\u00e4user Str. 10\/1.OG, 97199 Ochsenfurt<br>Deutschland<\/p>\n","protected":false},"excerpt":{"rendered":"<p>Angaben gem\u00e4\u00df \u00a7\u202f5 TMG: Prof. Dr.-Ing. Sebastian BiedermannTechnologietransferzentrum W\u00fcrzburg (TTZ-WUE)T\u00fcckelh\u00e4user Str. 10\/1.OG, 97199 OchsenfurtDeutschland E-Mail:&#8230;<\/p>\n","protected":false},"author":5,"featured_media":0,"parent":0,"menu_order":0,"comment_status":"closed","ping_status":"closed","template":"templates\/fullwidth.php","meta":{"footnotes":""},"class_list":["post-321","page","type-page","status-publish","hentry"],"_links":{"self":[{"href":"https:\/\/ttz-wue.fiw.thws.de\/blog\/index.php\/wp-json\/wp\/v2\/pages\/321","targetHints":{"allow":["GET"]}}],"collection":[{"href":"https:\/\/ttz-wue.fiw.thws.de\/blog\/index.php\/wp-json\/wp\/v2\/pages"}],"about":[{"href":"https:\/\/ttz-wue.fiw.thws.de\/blog\/index.php\/wp-json\/wp\/v2\/types\/page"}],"author":[{"embeddable":true,"href":"https:\/\/ttz-wue.fiw.thws.de\/blog\/index.php\/wp-json\/wp\/v2\/users\/5"}],"replies":[{"embeddable":true,"href":"https:\/\/ttz-wue.fiw.thws.de\/blog\/index.php\/wp-json\/wp\/v2\/comments?post=321"}],"version-history":[{"count":1,"href":"https:\/\/ttz-wue.fiw.thws.de\/blog\/index.php\/wp-json\/wp\/v2\/pages\/321\/revisions"}],"predecessor-version":[{"id":322,"href":"https:\/\/ttz-wue.fiw.thws.de\/blog\/index.php\/wp-json\/wp\/v2\/pages\/321\/revisions\/322"}],"wp:attachment":[{"href":"https:\/\/ttz-wue.fiw.thws.de\/blog\/index.php\/wp-json\/wp\/v2\/media?parent=321"}],"curies":[{"name":"wp","href":"https:\/\/api.w.org\/{rel}","templated":true}]}}